{"id":53,"date":"2023-05-17T11:40:42","date_gmt":"2023-05-17T09:40:42","guid":{"rendered":"https:\/\/clinicadentallosfresnos.com\/?page_id=53"},"modified":"2023-05-17T11:40:42","modified_gmt":"2023-05-17T09:40:42","slug":"politica-de-cookies","status":"publish","type":"page","link":"https:\/\/clinicadentallosfresnos.com\/en\/politica-de-cookies\/","title":{"rendered":"Cookie policy"},"content":{"rendered":"<p>This Cookie Policy explains how Dental Clinic Los Fresnos use cookies and similar technologies when you visit our web site. By using our site, you agree to the use of cookies in accordance with this Policy.<\/p>\n\n\n\n<p>What are cookies? Cookies are small text files that are stored on your device when you visit a website. These cookies allow us to collect information about your visit and to improve your browsing experience.<\/p>\n\n\n\n<p>What types of cookies do we use? We use essential cookies and performance cookies on our site web.<\/p>\n\n\n\n<ol class=\"wp-block-list\">\n<li>Essential Cookies: These cookies are necessary for the basic functioning of our website. They allow us to remember your language preferences and provide you with access to secure areas of the website. Without these cookies, the website would not work properly.<\/li>\n\n\n\n<li>Performance Cookies: These cookies collect anonymous information about how visitors use our web site, such as the pages they visit more frequently and the errors that may occur. These cookies help us to improve the functionality and performance of our site.<\/li>\n<\/ol>\n\n\n\n<p>How can you control cookies? You can control and manage cookies in your browser. Most browsers allow you to refuse or accept cookies, as well as delete existing cookies on your device. Please note that blocking cookies may affect the functionality of our website.<\/p>\n\n\n\n<p>In addition, our web site may contain links to other web sites that have their own cookie policies. We recommend that you review the cookie policies of these websites before providing them with your personal information.<\/p>\n\n\n\n<p>Changes in our Cookies Policy: We reserve the right to change this Cookie Policy at any time. Any update will be effective as soon as it&#039;s published on our website. We recommend that you review this page regularly to get the most current version of our Cookies Policy.<\/p>\n\n\n\n<p>Contact us: If you have any questions or concerns about our Cookies Policy, please do not hesitate to contact us.<\/p>\n\n\n\n<p>By using our site, you agree to the use of cookies in accordance with this Cookies Policy. Thank you for your trust in Dental Clinic Ash and we are committed to protecting your privacy and providing you a safe browsing experience and custom.<\/p>","protected":false},"excerpt":{"rendered":"<p>Esta Pol\u00edtica de Cookies explica c\u00f3mo Cl\u00ednica Dental Los Fresnos utiliza cookies y tecnolog\u00edas similares cuando visitas nuestro sitio web. Al utilizar nuestro sitio web, aceptas el uso de cookies de acuerdo con esta Pol\u00edtica. \u00bfQu\u00e9 son las cookies? Las cookies son peque\u00f1os archivos de texto que se almacenan en tu dispositivo cuando visitas un [&hellip;]<\/p>\n","protected":false},"author":1,"featured_media":0,"parent":0,"menu_order":0,"comment_status":"closed","ping_status":"closed","template":"","meta":{"footnotes":""},"class_list":["post-53","page","type-page","status-publish","hentry"],"yoast_head":"<!-- This site is optimized with the Yoast SEO plugin v23.1 - https:\/\/yoast.com\/wordpress\/plugins\/seo\/ -->\n<title>Pol\u00edtica de Cookies - Clinica Dental Los Fresnos<\/title>\n<meta name=\"description\" content=\"Cl\u00ednica dental en Gij\u00f3n, tu sonrisa merece lo mejor. En nuestra cl\u00ednica, ofrecemos tratamientos odontol\u00f3gicos de vanguardia y cuidado personalizado para mantener tus dientes sanos y tu sonrisa radiante. \u00a1Vis\u00edtanos hoy y descubre la diferencia en la atenci\u00f3n dental de calidad que mereces!\" \/>\n<meta name=\"robots\" content=\"index, follow, max-snippet:-1, max-image-preview:large, max-video-preview:-1\" \/>\n<link rel=\"canonical\" href=\"https:\/\/clinicadentallosfresnos.com\/en\/politica-de-cookies\/\" \/>\n<meta property=\"og:locale\" content=\"en_US\" \/>\n<meta property=\"og:type\" content=\"article\" \/>\n<meta property=\"og:title\" content=\"Pol\u00edtica de Cookies - Clinica Dental Los Fresnos\" \/>\n<meta property=\"og:description\" content=\"Cl\u00ednica dental en Gij\u00f3n, tu sonrisa merece lo mejor. En nuestra cl\u00ednica, ofrecemos tratamientos odontol\u00f3gicos de vanguardia y cuidado personalizado para mantener tus dientes sanos y tu sonrisa radiante. \u00a1Vis\u00edtanos hoy y descubre la diferencia en la atenci\u00f3n dental de calidad que mereces!\" \/>\n<meta property=\"og:url\" content=\"https:\/\/clinicadentallosfresnos.com\/en\/politica-de-cookies\/\" \/>\n<meta property=\"og:site_name\" content=\"Clinica Dental Los Fresnos\" \/>\n<meta name=\"twitter:card\" content=\"summary_large_image\" \/>\n<meta name=\"twitter:label1\" content=\"Est. reading time\" \/>\n\t<meta name=\"twitter:data1\" content=\"2 minutes\" \/>\n<script type=\"application\/ld+json\" class=\"yoast-schema-graph\">{\"@context\":\"https:\/\/schema.org\",\"@graph\":[{\"@type\":\"WebPage\",\"@id\":\"https:\/\/clinicadentallosfresnos.com\/politica-de-cookies\/\",\"url\":\"https:\/\/clinicadentallosfresnos.com\/politica-de-cookies\/\",\"name\":\"Pol\u00edtica de Cookies - Clinica Dental Los Fresnos\",\"isPartOf\":{\"@id\":\"https:\/\/clinicadentallosfresnos.com\/#website\"},\"datePublished\":\"2023-05-17T09:40:42+00:00\",\"dateModified\":\"2023-05-17T09:40:42+00:00\",\"description\":\"Cl\u00ednica dental en Gij\u00f3n, tu sonrisa merece lo mejor. En nuestra cl\u00ednica, ofrecemos tratamientos odontol\u00f3gicos de vanguardia y cuidado personalizado para mantener tus dientes sanos y tu sonrisa radiante. \u00a1Vis\u00edtanos hoy y descubre la diferencia en la atenci\u00f3n dental de calidad que mereces!\",\"breadcrumb\":{\"@id\":\"https:\/\/clinicadentallosfresnos.com\/politica-de-cookies\/#breadcrumb\"},\"inLanguage\":\"en-US\",\"potentialAction\":[{\"@type\":\"ReadAction\",\"target\":[\"https:\/\/clinicadentallosfresnos.com\/politica-de-cookies\/\"]}]},{\"@type\":\"BreadcrumbList\",\"@id\":\"https:\/\/clinicadentallosfresnos.com\/politica-de-cookies\/#breadcrumb\",\"itemListElement\":[{\"@type\":\"ListItem\",\"position\":1,\"name\":\"Portada\",\"item\":\"https:\/\/clinicadentallosfresnos.com\/\"},{\"@type\":\"ListItem\",\"position\":2,\"name\":\"Pol\u00edtica de Cookies\"}]},{\"@type\":\"WebSite\",\"@id\":\"https:\/\/clinicadentallosfresnos.com\/#website\",\"url\":\"https:\/\/clinicadentallosfresnos.com\/\",\"name\":\"Clinica Dental Los Fresnos\",\"description\":\"Sonr\u00ede sin l\u00edmites\",\"potentialAction\":[{\"@type\":\"SearchAction\",\"target\":{\"@type\":\"EntryPoint\",\"urlTemplate\":\"https:\/\/clinicadentallosfresnos.com\/?s={search_term_string}\"},\"query-input\":\"required name=search_term_string\"}],\"inLanguage\":\"en-US\"}]}<\/script>\n<!-- \/ Yoast SEO plugin. -->","yoast_head_json":{"title":"Pol\u00edtica de Cookies - Clinica Dental Los Fresnos","description":"Cl\u00ednica dental en Gij\u00f3n, tu sonrisa merece lo mejor. En nuestra cl\u00ednica, ofrecemos tratamientos odontol\u00f3gicos de vanguardia y cuidado personalizado para mantener tus dientes sanos y tu sonrisa radiante. \u00a1Vis\u00edtanos hoy y descubre la diferencia en la atenci\u00f3n dental de calidad que mereces!","robots":{"index":"index","follow":"follow","max-snippet":"max-snippet:-1","max-image-preview":"max-image-preview:large","max-video-preview":"max-video-preview:-1"},"canonical":"https:\/\/clinicadentallosfresnos.com\/en\/politica-de-cookies\/","og_locale":"en_US","og_type":"article","og_title":"Pol\u00edtica de Cookies - Clinica Dental Los Fresnos","og_description":"Cl\u00ednica dental en Gij\u00f3n, tu sonrisa merece lo mejor. En nuestra cl\u00ednica, ofrecemos tratamientos odontol\u00f3gicos de vanguardia y cuidado personalizado para mantener tus dientes sanos y tu sonrisa radiante. \u00a1Vis\u00edtanos hoy y descubre la diferencia en la atenci\u00f3n dental de calidad que mereces!","og_url":"https:\/\/clinicadentallosfresnos.com\/en\/politica-de-cookies\/","og_site_name":"Clinica Dental Los Fresnos","twitter_card":"summary_large_image","twitter_misc":{"Est. reading time":"2 minutes"},"schema":{"@context":"https:\/\/schema.org","@graph":[{"@type":"WebPage","@id":"https:\/\/clinicadentallosfresnos.com\/politica-de-cookies\/","url":"https:\/\/clinicadentallosfresnos.com\/politica-de-cookies\/","name":"Pol\u00edtica de Cookies - Clinica Dental Los Fresnos","isPartOf":{"@id":"https:\/\/clinicadentallosfresnos.com\/#website"},"datePublished":"2023-05-17T09:40:42+00:00","dateModified":"2023-05-17T09:40:42+00:00","description":"Cl\u00ednica dental en Gij\u00f3n, tu sonrisa merece lo mejor. En nuestra cl\u00ednica, ofrecemos tratamientos odontol\u00f3gicos de vanguardia y cuidado personalizado para mantener tus dientes sanos y tu sonrisa radiante. \u00a1Vis\u00edtanos hoy y descubre la diferencia en la atenci\u00f3n dental de calidad que mereces!","breadcrumb":{"@id":"https:\/\/clinicadentallosfresnos.com\/politica-de-cookies\/#breadcrumb"},"inLanguage":"en-US","potentialAction":[{"@type":"ReadAction","target":["https:\/\/clinicadentallosfresnos.com\/politica-de-cookies\/"]}]},{"@type":"BreadcrumbList","@id":"https:\/\/clinicadentallosfresnos.com\/politica-de-cookies\/#breadcrumb","itemListElement":[{"@type":"ListItem","position":1,"name":"Portada","item":"https:\/\/clinicadentallosfresnos.com\/"},{"@type":"ListItem","position":2,"name":"Pol\u00edtica de Cookies"}]},{"@type":"WebSite","@id":"https:\/\/clinicadentallosfresnos.com\/#website","url":"https:\/\/clinicadentallosfresnos.com\/","name":"Dental Clinic Los Fresnos","description":"Sonr\u00ede sin l\u00edmites","potentialAction":[{"@type":"SearchAction","target":{"@type":"EntryPoint","urlTemplate":"https:\/\/clinicadentallosfresnos.com\/?s={search_term_string}"},"query-input":"required name=search_term_string"}],"inLanguage":"en-US"}]}},"_links":{"self":[{"href":"https:\/\/clinicadentallosfresnos.com\/en\/wp-json\/wp\/v2\/pages\/53","targetHints":{"allow":["GET"]}}],"collection":[{"href":"https:\/\/clinicadentallosfresnos.com\/en\/wp-json\/wp\/v2\/pages"}],"about":[{"href":"https:\/\/clinicadentallosfresnos.com\/en\/wp-json\/wp\/v2\/types\/page"}],"author":[{"embeddable":true,"href":"https:\/\/clinicadentallosfresnos.com\/en\/wp-json\/wp\/v2\/users\/1"}],"replies":[{"embeddable":true,"href":"https:\/\/clinicadentallosfresnos.com\/en\/wp-json\/wp\/v2\/comments?post=53"}],"version-history":[{"count":1,"href":"https:\/\/clinicadentallosfresnos.com\/en\/wp-json\/wp\/v2\/pages\/53\/revisions"}],"predecessor-version":[{"id":54,"href":"https:\/\/clinicadentallosfresnos.com\/en\/wp-json\/wp\/v2\/pages\/53\/revisions\/54"}],"wp:attachment":[{"href":"https:\/\/clinicadentallosfresnos.com\/en\/wp-json\/wp\/v2\/media?parent=53"}],"curies":[{"name":"wp","href":"https:\/\/api.w.org\/{rel}","templated":true}]}}