{"id":324,"date":"2023-05-24T10:57:42","date_gmt":"2023-05-24T08:57:42","guid":{"rendered":"https:\/\/clinicadentallosfresnos.com\/?page_id=324"},"modified":"2023-05-24T11:14:18","modified_gmt":"2023-05-24T09:14:18","slug":"tratamientos","status":"publish","type":"page","link":"https:\/\/clinicadentallosfresnos.com\/en\/tratamientos\/","title":{"rendered":"Treatments"},"content":{"rendered":"<div data-elementor-type=\"wp-page\" data-elementor-id=\"324\" class=\"elementor elementor-324\" data-elementor-post-type=\"page\">\n\t\t\t\t\t\t<section class=\"elementor-section elementor-top-section elementor-element elementor-element-c8210df elementor-section-boxed elementor-section-height-default elementor-section-height-default\" data-id=\"c8210df\" data-element_type=\"section\" data-e-type=\"section\">\n\t\t\t\t\t\t<div class=\"elementor-container elementor-column-gap-default\">\n\t\t\t\t\t<div class=\"elementor-column elementor-col-100 elementor-top-column elementor-element elementor-element-f7500c1\" data-id=\"f7500c1\" data-element_type=\"column\" data-e-type=\"column\">\n\t\t\t<div class=\"elementor-widget-wrap elementor-element-populated\">\n\t\t\t\t\t\t<div class=\"elementor-element elementor-element-e2c7482 elementor-widget elementor-widget-heading\" data-id=\"e2c7482\" data-element_type=\"widget\" data-e-type=\"widget\" data-widget_type=\"heading.default\">\n\t\t\t\t<div class=\"elementor-widget-container\">\n\t\t\t\t\t<h2 class=\"elementor-heading-title elementor-size-default\">Our Specialties<\/h2>\t\t\t\t<\/div>\n\t\t\t\t<\/div>\n\t\t\t\t\t<\/div>\n\t\t<\/div>\n\t\t\t\t\t<\/div>\n\t\t<\/section>\n\t\t\t\t<section class=\"elementor-section elementor-top-section elementor-element elementor-element-0437955 elementor-section-boxed elementor-section-height-default elementor-section-height-default\" data-id=\"0437955\" data-element_type=\"section\" data-e-type=\"section\">\n\t\t\t\t\t\t<div class=\"elementor-container elementor-column-gap-default\">\n\t\t\t\t\t<div class=\"elementor-column elementor-col-100 elementor-top-column elementor-element elementor-element-d85ba78\" data-id=\"d85ba78\" data-element_type=\"column\" data-e-type=\"column\">\n\t\t\t<div class=\"elementor-widget-wrap elementor-element-populated\">\n\t\t\t\t\t\t<div class=\"elementor-element elementor-element-47c6196 elementor-widget elementor-widget-heading\" data-id=\"47c6196\" data-element_type=\"widget\" data-e-type=\"widget\" data-widget_type=\"heading.default\">\n\t\t\t\t<div class=\"elementor-widget-container\">\n\t\t\t\t\t<h3 class=\"elementor-heading-title elementor-size-default\">Surgery and implantology<\/h3>\t\t\t\t<\/div>\n\t\t\t\t<\/div>\n\t\t\t\t<div class=\"elementor-element elementor-element-e7ff786 elementor-widget elementor-widget-text-editor\" data-id=\"e7ff786\" data-element_type=\"widget\" data-e-type=\"widget\" data-widget_type=\"text-editor.default\">\n\t\t\t\t<div class=\"elementor-widget-container\">\n\t\t\t\t\t\t\t\t\t<p>Our surgical team is highly trained, experienced, and focused on giving you the best possible results. We use cutting-edge technology and advanced techniques to perform procedures of surgery and implantology with precision and safety.<\/p><p>Whether you need a dental implant to replace missing teeth or an oral surgery more complex, we are committed to providing you personalized attention and understanding.<\/p><p>In our center, we strive to ensure your comfort and well-being throughout the process. Our team will be at your side to answer your questions, address your concerns and provide you with the necessary support before, during, and after surgery.<\/p>\t\t\t\t\t\t\t\t<\/div>\n\t\t\t\t<\/div>\n\t\t\t\t\t<\/div>\n\t\t<\/div>\n\t\t\t\t\t<\/div>\n\t\t<\/section>\n\t\t\t\t<section class=\"elementor-section elementor-top-section elementor-element elementor-element-8df531a elementor-section-boxed elementor-section-height-default elementor-section-height-default\" data-id=\"8df531a\" data-element_type=\"section\" data-e-type=\"section\">\n\t\t\t\t\t\t<div class=\"elementor-container elementor-column-gap-default\">\n\t\t\t\t\t<div class=\"elementor-column elementor-col-100 elementor-top-column elementor-element elementor-element-6ae22d5\" data-id=\"6ae22d5\" data-element_type=\"column\" data-e-type=\"column\">\n\t\t\t<div class=\"elementor-widget-wrap elementor-element-populated\">\n\t\t\t\t\t\t<div class=\"elementor-element elementor-element-c6d8164 elementor-widget elementor-widget-heading\" data-id=\"c6d8164\" data-element_type=\"widget\" data-e-type=\"widget\" data-widget_type=\"heading.default\">\n\t\t\t\t<div class=\"elementor-widget-container\">\n\t\t\t\t\t<h3 class=\"elementor-heading-title elementor-size-default\">Prosthodontics<\/h3>\t\t\t\t<\/div>\n\t\t\t\t<\/div>\n\t\t\t\t<div class=\"elementor-element elementor-element-498a23c elementor-widget elementor-widget-text-editor\" data-id=\"498a23c\" data-element_type=\"widget\" data-e-type=\"widget\" data-widget_type=\"text-editor.default\">\n\t\t\t\t<div class=\"elementor-widget-container\">\n\t\t\t\t\t\t\t\t\t<p>Our team of experts prosthodontists understand the unique needs of each patient and works to create custom solutions. We use high quality materials and advanced technology to ensure lasting results and natural.<\/p><p>Whether you need full or partial dentures, dental veneers, or dental restorations custom, we are committed to giving you a smile rejuvenated and functional.<\/p><p>In our center, we are proud to offer a comprehensive approach and careful in prosthodontics. Our team is dedicated to listening to your concerns, answer your questions and guide you in the decision-making process to achieve the best results.<\/p>\t\t\t\t\t\t\t\t<\/div>\n\t\t\t\t<\/div>\n\t\t\t\t\t<\/div>\n\t\t<\/div>\n\t\t\t\t\t<\/div>\n\t\t<\/section>\n\t\t\t\t<section class=\"elementor-section elementor-top-section elementor-element elementor-element-7cdc5f6 elementor-section-boxed elementor-section-height-default elementor-section-height-default\" data-id=\"7cdc5f6\" data-element_type=\"section\" data-e-type=\"section\">\n\t\t\t\t\t\t<div class=\"elementor-container elementor-column-gap-default\">\n\t\t\t\t\t<div class=\"elementor-column elementor-col-100 elementor-top-column elementor-element elementor-element-57ce92e\" data-id=\"57ce92e\" data-element_type=\"column\" data-e-type=\"column\">\n\t\t\t<div class=\"elementor-widget-wrap elementor-element-populated\">\n\t\t\t\t\t\t<div class=\"elementor-element elementor-element-c7df8dd elementor-widget elementor-widget-heading\" data-id=\"c7df8dd\" data-element_type=\"widget\" data-e-type=\"widget\" data-widget_type=\"heading.default\">\n\t\t\t\t<div class=\"elementor-widget-container\">\n\t\t\t\t\t<h3 class=\"elementor-heading-title elementor-size-default\">Conservative Dentistry<\/h3>\t\t\t\t<\/div>\n\t\t\t\t<\/div>\n\t\t\t\t<div class=\"elementor-element elementor-element-f7167ac elementor-widget elementor-widget-text-editor\" data-id=\"f7167ac\" data-element_type=\"widget\" data-e-type=\"widget\" data-widget_type=\"text-editor.default\">\n\t\t\t\t<div class=\"elementor-widget-container\">\n\t\t\t\t\t\t\t\t\t<p>We focus on the early detection and treatment of dental problems such as tooth decay and gum disease before they become more serious situations.<\/p><p>We use techniques and advanced materials to preserve the natural structure of your teeth as much as possible. Our goal is to preserve and strengthen your teeth, avoiding more invasive treatments in the future.<\/p><p>Trust us to give you a conservative dentistry quality. We will work with you to establish a plan of personalized dental care that suits your needs and help you maintain a healthy smile in the long term.<\/p>\t\t\t\t\t\t\t\t<\/div>\n\t\t\t\t<\/div>\n\t\t\t\t\t<\/div>\n\t\t<\/div>\n\t\t\t\t\t<\/div>\n\t\t<\/section>\n\t\t\t\t<section class=\"elementor-section elementor-top-section elementor-element elementor-element-57df95f elementor-section-boxed elementor-section-height-default elementor-section-height-default\" data-id=\"57df95f\" data-element_type=\"section\" data-e-type=\"section\">\n\t\t\t\t\t\t<div class=\"elementor-container elementor-column-gap-default\">\n\t\t\t\t\t<div class=\"elementor-column elementor-col-100 elementor-top-column elementor-element elementor-element-b630cca\" data-id=\"b630cca\" data-element_type=\"column\" data-e-type=\"column\">\n\t\t\t<div class=\"elementor-widget-wrap elementor-element-populated\">\n\t\t\t\t\t\t<div class=\"elementor-element elementor-element-e4c4380 elementor-widget elementor-widget-heading\" data-id=\"e4c4380\" data-element_type=\"widget\" data-e-type=\"widget\" data-widget_type=\"heading.default\">\n\t\t\t\t<div class=\"elementor-widget-container\">\n\t\t\t\t\t<h3 class=\"elementor-heading-title elementor-size-default\">Periodontics<\/h3>\t\t\t\t<\/div>\n\t\t\t\t<\/div>\n\t\t\t\t<div class=\"elementor-element elementor-element-835ca1a elementor-widget elementor-widget-text-editor\" data-id=\"835ca1a\" data-element_type=\"widget\" data-e-type=\"widget\" data-widget_type=\"text-editor.default\">\n\t\t\t\t<div class=\"elementor-widget-container\">\n\t\t\t\t\t\t\t\t\t<p>We strive to provide quality care to keep your gums healthy and prevent more serious problems.<\/p><p>We conducted a thorough analysis of your gums and assess the periodontal health at each visit. If any periodontal disease, we will work with you to develop a personalized treatment plan.<\/p><p>Our goal is to restore and maintain the health of your gums, stop the progression of the disease and to preserve the structure of your teeth. We use advanced techniques and minimally invasive procedures to obtain the best possible results.<\/p><p>\u00a0Our team will provide you with the information necessary for you to take care of your gums at home and prevent future periodontal problems.<\/p><p>\u00a0We are committed in helping you to maintain healthy gums and a radiant smile.<\/p>\t\t\t\t\t\t\t\t<\/div>\n\t\t\t\t<\/div>\n\t\t\t\t\t<\/div>\n\t\t<\/div>\n\t\t\t\t\t<\/div>\n\t\t<\/section>\n\t\t\t\t<section class=\"elementor-section elementor-top-section elementor-element elementor-element-255b019 elementor-section-boxed elementor-section-height-default elementor-section-height-default\" data-id=\"255b019\" data-element_type=\"section\" data-e-type=\"section\">\n\t\t\t\t\t\t<div class=\"elementor-container elementor-column-gap-default\">\n\t\t\t\t\t<div class=\"elementor-column elementor-col-100 elementor-top-column elementor-element elementor-element-6d9e793\" data-id=\"6d9e793\" data-element_type=\"column\" data-e-type=\"column\">\n\t\t\t<div class=\"elementor-widget-wrap elementor-element-populated\">\n\t\t\t\t\t\t<div class=\"elementor-element elementor-element-8f34578 elementor-widget elementor-widget-heading\" data-id=\"8f34578\" data-element_type=\"widget\" data-e-type=\"widget\" data-widget_type=\"heading.default\">\n\t\t\t\t<div class=\"elementor-widget-container\">\n\t\t\t\t\t<h3 class=\"elementor-heading-title elementor-size-default\">Orthodontic Aligners<\/h3>\t\t\t\t<\/div>\n\t\t\t\t<\/div>\n\t\t\t\t<div class=\"elementor-element elementor-element-217ced8 elementor-widget elementor-widget-text-editor\" data-id=\"217ced8\" data-element_type=\"widget\" data-e-type=\"widget\" data-widget_type=\"text-editor.default\">\n\t\t\t\t<div class=\"elementor-widget-container\">\n\t\t\t\t\t\t\t\t\t<p>Whether you need braces or traditional you prefer the most aesthetic of clear aligners, we will work with you to create a treatment plan tailored to your needs and goals.<\/p><p>The clear aligners are a popular choice for those who want to straighten their teeth discreetly. These aligners are removable and nearly invisible, let you enjoy your favorite foods and maintain good oral hygiene during treatment.<\/p><p>In our clinic, we are proud to provide a warm and welcoming environment. Our team will guide you along your journey of orthodontics, answering your questions and making sure you feel comfortable throughout the process.<\/p>\t\t\t\t\t\t\t\t<\/div>\n\t\t\t\t<\/div>\n\t\t\t\t\t<\/div>\n\t\t<\/div>\n\t\t\t\t\t<\/div>\n\t\t<\/section>\n\t\t\t\t<section class=\"elementor-section elementor-top-section elementor-element elementor-element-47d6bf0 elementor-section-boxed elementor-section-height-default elementor-section-height-default\" data-id=\"47d6bf0\" data-element_type=\"section\" data-e-type=\"section\">\n\t\t\t\t\t\t<div class=\"elementor-container elementor-column-gap-default\">\n\t\t\t\t\t<div class=\"elementor-column elementor-col-100 elementor-top-column elementor-element elementor-element-be3af43\" data-id=\"be3af43\" data-element_type=\"column\" data-e-type=\"column\">\n\t\t\t<div class=\"elementor-widget-wrap elementor-element-populated\">\n\t\t\t\t\t\t<div class=\"elementor-element elementor-element-c8747a6 elementor-widget elementor-widget-heading\" data-id=\"c8747a6\" data-element_type=\"widget\" data-e-type=\"widget\" data-widget_type=\"heading.default\">\n\t\t\t\t<div class=\"elementor-widget-container\">\n\t\t\t\t\t<h3 class=\"elementor-heading-title elementor-size-default\">Cosmetic Dentistry<\/h3>\t\t\t\t<\/div>\n\t\t\t\t<\/div>\n\t\t\t\t<div class=\"elementor-element elementor-element-2913feb elementor-widget elementor-widget-text-editor\" data-id=\"2913feb\" data-element_type=\"widget\" data-e-type=\"widget\" data-widget_type=\"text-editor.default\">\n\t\t\t\t<div class=\"elementor-widget-container\">\n\t\t\t\t\t\t\t\t\t<p>We offer a wide range of aesthetic treatments, such as dental veneers, teeth whitening, contouring of gums and aesthetic restorations. We will work with you to design a treatment plan tailored to your needs and aesthetic goals.<\/p><p>Our priority is that you feel comfortable and confident during the entire process. Our team will guide you through the options available and will answer all of your questions to make sure that you take informed decisions about your health and appearance of the teeth.<\/p>\t\t\t\t\t\t\t\t<\/div>\n\t\t\t\t<\/div>\n\t\t\t\t\t<\/div>\n\t\t<\/div>\n\t\t\t\t\t<\/div>\n\t\t<\/section>\n\t\t\t\t<\/div>","protected":false},"excerpt":{"rendered":"<p>Nuestras Especialidades Cirug\u00eda e implantolog\u00eda Nuestro equipo de cirujanos altamente capacitados y experimentados se enfoca en brindarte los mejores resultados posibles. Utilizamos tecnolog\u00eda de vanguardia y t\u00e9cnicas avanzadas para realizar procedimientos de cirug\u00eda e implantolog\u00eda con precisi\u00f3n y seguridad. Ya sea que necesites un implante dental para reemplazar dientes perdidos o una cirug\u00eda oral m\u00e1s [&hellip;]<\/p>\n","protected":false},"author":2,"featured_media":0,"parent":0,"menu_order":0,"comment_status":"closed","ping_status":"closed","template":"page-templates\/template-pagebuilder-full-width.php","meta":{"footnotes":""},"class_list":["post-324","page","type-page","status-publish","hentry"],"yoast_head":"<!-- This site is optimized with the Yoast SEO plugin v23.1 - https:\/\/yoast.com\/wordpress\/plugins\/seo\/ -->\n<title>Tratamientos - Clinica Dental Los Fresnos<\/title>\n<meta name=\"description\" content=\"Cl\u00ednica dental en Gij\u00f3n, tu sonrisa merece lo mejor. En nuestra cl\u00ednica, ofrecemos tratamientos odontol\u00f3gicos de vanguardia y cuidado personalizado para mantener tus dientes sanos y tu sonrisa radiante. \u00a1Vis\u00edtanos hoy y descubre la diferencia en la atenci\u00f3n dental de calidad que mereces!\" \/>\n<meta name=\"robots\" content=\"index, follow, max-snippet:-1, max-image-preview:large, max-video-preview:-1\" \/>\n<link rel=\"canonical\" href=\"https:\/\/clinicadentallosfresnos.com\/en\/tratamientos\/\" \/>\n<meta property=\"og:locale\" content=\"en_US\" \/>\n<meta property=\"og:type\" content=\"article\" \/>\n<meta property=\"og:title\" content=\"Tratamientos - Clinica Dental Los Fresnos\" \/>\n<meta property=\"og:description\" content=\"Cl\u00ednica dental en Gij\u00f3n, tu sonrisa merece lo mejor. En nuestra cl\u00ednica, ofrecemos tratamientos odontol\u00f3gicos de vanguardia y cuidado personalizado para mantener tus dientes sanos y tu sonrisa radiante. \u00a1Vis\u00edtanos hoy y descubre la diferencia en la atenci\u00f3n dental de calidad que mereces!\" \/>\n<meta property=\"og:url\" content=\"https:\/\/clinicadentallosfresnos.com\/en\/tratamientos\/\" \/>\n<meta property=\"og:site_name\" content=\"Clinica Dental Los Fresnos\" \/>\n<meta property=\"article:modified_time\" content=\"2023-05-24T09:14:18+00:00\" \/>\n<meta name=\"twitter:card\" content=\"summary_large_image\" \/>\n<meta name=\"twitter:label1\" content=\"Est. reading time\" \/>\n\t<meta name=\"twitter:data1\" content=\"3 minutes\" \/>\n<script type=\"application\/ld+json\" class=\"yoast-schema-graph\">{\"@context\":\"https:\/\/schema.org\",\"@graph\":[{\"@type\":\"WebPage\",\"@id\":\"https:\/\/clinicadentallosfresnos.com\/tratamientos\/\",\"url\":\"https:\/\/clinicadentallosfresnos.com\/tratamientos\/\",\"name\":\"Tratamientos - Clinica Dental Los Fresnos\",\"isPartOf\":{\"@id\":\"https:\/\/clinicadentallosfresnos.com\/#website\"},\"datePublished\":\"2023-05-24T08:57:42+00:00\",\"dateModified\":\"2023-05-24T09:14:18+00:00\",\"description\":\"Cl\u00ednica dental en Gij\u00f3n, tu sonrisa merece lo mejor. En nuestra cl\u00ednica, ofrecemos tratamientos odontol\u00f3gicos de vanguardia y cuidado personalizado para mantener tus dientes sanos y tu sonrisa radiante. \u00a1Vis\u00edtanos hoy y descubre la diferencia en la atenci\u00f3n dental de calidad que mereces!\",\"breadcrumb\":{\"@id\":\"https:\/\/clinicadentallosfresnos.com\/tratamientos\/#breadcrumb\"},\"inLanguage\":\"en-US\",\"potentialAction\":[{\"@type\":\"ReadAction\",\"target\":[\"https:\/\/clinicadentallosfresnos.com\/tratamientos\/\"]}]},{\"@type\":\"BreadcrumbList\",\"@id\":\"https:\/\/clinicadentallosfresnos.com\/tratamientos\/#breadcrumb\",\"itemListElement\":[{\"@type\":\"ListItem\",\"position\":1,\"name\":\"Portada\",\"item\":\"https:\/\/clinicadentallosfresnos.com\/\"},{\"@type\":\"ListItem\",\"position\":2,\"name\":\"Tratamientos\"}]},{\"@type\":\"WebSite\",\"@id\":\"https:\/\/clinicadentallosfresnos.com\/#website\",\"url\":\"https:\/\/clinicadentallosfresnos.com\/\",\"name\":\"Clinica Dental Los Fresnos\",\"description\":\"Sonr\u00ede sin l\u00edmites\",\"potentialAction\":[{\"@type\":\"SearchAction\",\"target\":{\"@type\":\"EntryPoint\",\"urlTemplate\":\"https:\/\/clinicadentallosfresnos.com\/?s={search_term_string}\"},\"query-input\":\"required name=search_term_string\"}],\"inLanguage\":\"en-US\"}]}<\/script>\n<!-- \/ Yoast SEO plugin. -->","yoast_head_json":{"title":"Tratamientos - Clinica Dental Los Fresnos","description":"Cl\u00ednica dental en Gij\u00f3n, tu sonrisa merece lo mejor. En nuestra cl\u00ednica, ofrecemos tratamientos odontol\u00f3gicos de vanguardia y cuidado personalizado para mantener tus dientes sanos y tu sonrisa radiante. \u00a1Vis\u00edtanos hoy y descubre la diferencia en la atenci\u00f3n dental de calidad que mereces!","robots":{"index":"index","follow":"follow","max-snippet":"max-snippet:-1","max-image-preview":"max-image-preview:large","max-video-preview":"max-video-preview:-1"},"canonical":"https:\/\/clinicadentallosfresnos.com\/en\/tratamientos\/","og_locale":"en_US","og_type":"article","og_title":"Tratamientos - Clinica Dental Los Fresnos","og_description":"Cl\u00ednica dental en Gij\u00f3n, tu sonrisa merece lo mejor. En nuestra cl\u00ednica, ofrecemos tratamientos odontol\u00f3gicos de vanguardia y cuidado personalizado para mantener tus dientes sanos y tu sonrisa radiante. \u00a1Vis\u00edtanos hoy y descubre la diferencia en la atenci\u00f3n dental de calidad que mereces!","og_url":"https:\/\/clinicadentallosfresnos.com\/en\/tratamientos\/","og_site_name":"Clinica Dental Los Fresnos","article_modified_time":"2023-05-24T09:14:18+00:00","twitter_card":"summary_large_image","twitter_misc":{"Est. reading time":"3 minutes"},"schema":{"@context":"https:\/\/schema.org","@graph":[{"@type":"WebPage","@id":"https:\/\/clinicadentallosfresnos.com\/tratamientos\/","url":"https:\/\/clinicadentallosfresnos.com\/tratamientos\/","name":"Tratamientos - Clinica Dental Los Fresnos","isPartOf":{"@id":"https:\/\/clinicadentallosfresnos.com\/#website"},"datePublished":"2023-05-24T08:57:42+00:00","dateModified":"2023-05-24T09:14:18+00:00","description":"Cl\u00ednica dental en Gij\u00f3n, tu sonrisa merece lo mejor. En nuestra cl\u00ednica, ofrecemos tratamientos odontol\u00f3gicos de vanguardia y cuidado personalizado para mantener tus dientes sanos y tu sonrisa radiante. \u00a1Vis\u00edtanos hoy y descubre la diferencia en la atenci\u00f3n dental de calidad que mereces!","breadcrumb":{"@id":"https:\/\/clinicadentallosfresnos.com\/tratamientos\/#breadcrumb"},"inLanguage":"en-US","potentialAction":[{"@type":"ReadAction","target":["https:\/\/clinicadentallosfresnos.com\/tratamientos\/"]}]},{"@type":"BreadcrumbList","@id":"https:\/\/clinicadentallosfresnos.com\/tratamientos\/#breadcrumb","itemListElement":[{"@type":"ListItem","position":1,"name":"Portada","item":"https:\/\/clinicadentallosfresnos.com\/"},{"@type":"ListItem","position":2,"name":"Tratamientos"}]},{"@type":"WebSite","@id":"https:\/\/clinicadentallosfresnos.com\/#website","url":"https:\/\/clinicadentallosfresnos.com\/","name":"Dental Clinic Los Fresnos","description":"Sonr\u00ede sin l\u00edmites","potentialAction":[{"@type":"SearchAction","target":{"@type":"EntryPoint","urlTemplate":"https:\/\/clinicadentallosfresnos.com\/?s={search_term_string}"},"query-input":"required name=search_term_string"}],"inLanguage":"en-US"}]}},"_links":{"self":[{"href":"https:\/\/clinicadentallosfresnos.com\/en\/wp-json\/wp\/v2\/pages\/324","targetHints":{"allow":["GET"]}}],"collection":[{"href":"https:\/\/clinicadentallosfresnos.com\/en\/wp-json\/wp\/v2\/pages"}],"about":[{"href":"https:\/\/clinicadentallosfresnos.com\/en\/wp-json\/wp\/v2\/types\/page"}],"author":[{"embeddable":true,"href":"https:\/\/clinicadentallosfresnos.com\/en\/wp-json\/wp\/v2\/users\/2"}],"replies":[{"embeddable":true,"href":"https:\/\/clinicadentallosfresnos.com\/en\/wp-json\/wp\/v2\/comments?post=324"}],"version-history":[{"count":16,"href":"https:\/\/clinicadentallosfresnos.com\/en\/wp-json\/wp\/v2\/pages\/324\/revisions"}],"predecessor-version":[{"id":342,"href":"https:\/\/clinicadentallosfresnos.com\/en\/wp-json\/wp\/v2\/pages\/324\/revisions\/342"}],"wp:attachment":[{"href":"https:\/\/clinicadentallosfresnos.com\/en\/wp-json\/wp\/v2\/media?parent=324"}],"curies":[{"name":"wp","href":"https:\/\/api.w.org\/{rel}","templated":true}]}}