{"id":312,"date":"2023-05-24T10:39:23","date_gmt":"2023-05-24T08:39:23","guid":{"rendered":"https:\/\/clinicadentallosfresnos.com\/?page_id=312"},"modified":"2023-05-24T10:55:56","modified_gmt":"2023-05-24T08:55:56","slug":"instalaciones","status":"publish","type":"page","link":"https:\/\/clinicadentallosfresnos.com\/en\/instalaciones\/","title":{"rendered":"Facilities"},"content":{"rendered":"\t\t<div data-elementor-type=\"wp-page\" data-elementor-id=\"312\" class=\"elementor elementor-312\" data-elementor-post-type=\"page\">\n\t\t\t\t\t\t<section class=\"elementor-section elementor-top-section elementor-element elementor-element-ed14479 elementor-section-boxed elementor-section-height-default elementor-section-height-default\" data-id=\"ed14479\" data-element_type=\"section\" data-e-type=\"section\">\n\t\t\t\t\t\t<div class=\"elementor-container elementor-column-gap-default\">\n\t\t\t\t\t<div class=\"elementor-column elementor-col-100 elementor-top-column elementor-element elementor-element-5918651\" data-id=\"5918651\" data-element_type=\"column\" data-e-type=\"column\">\n\t\t\t<div class=\"elementor-widget-wrap elementor-element-populated\">\n\t\t\t\t\t\t<div class=\"elementor-element elementor-element-1663f29 elementor-widget elementor-widget-heading\" data-id=\"1663f29\" data-element_type=\"widget\" data-e-type=\"widget\" data-widget_type=\"heading.default\">\n\t\t\t\t<div class=\"elementor-widget-container\">\n\t\t\t\t\t<h2 class=\"elementor-heading-title elementor-size-default\">Descubre nuestras instalaciones<\/h2>\t\t\t\t<\/div>\n\t\t\t\t<\/div>\n\t\t\t\t\t<\/div>\n\t\t<\/div>\n\t\t\t\t\t<\/div>\n\t\t<\/section>\n\t\t\t\t<section class=\"elementor-section elementor-top-section elementor-element elementor-element-f7ca24d elementor-section-boxed elementor-section-height-default elementor-section-height-default\" data-id=\"f7ca24d\" data-element_type=\"section\" data-e-type=\"section\">\n\t\t\t\t\t\t<div class=\"elementor-container elementor-column-gap-default\">\n\t\t\t\t\t<div class=\"elementor-column elementor-col-50 elementor-top-column elementor-element elementor-element-a69c505\" data-id=\"a69c505\" data-element_type=\"column\" data-e-type=\"column\">\n\t\t\t<div class=\"elementor-widget-wrap elementor-element-populated\">\n\t\t\t\t\t\t<div class=\"elementor-element elementor-element-9b024d9 elementor-widget elementor-widget-image\" data-id=\"9b024d9\" data-element_type=\"widget\" data-e-type=\"widget\" data-widget_type=\"image.default\">\n\t\t\t\t<div class=\"elementor-widget-container\">\n\t\t\t\t\t\t\t\t\t\t\t\t\t\t\t<img fetchpriority=\"high\" decoding=\"async\" width=\"800\" height=\"600\" src=\"https:\/\/clinicadentallosfresnos.com\/wp-content\/uploads\/2023\/05\/IMG_0234-1024x768.jpg\" class=\"attachment-large size-large wp-image-315\" alt=\"\" srcset=\"https:\/\/clinicadentallosfresnos.com\/wp-content\/uploads\/2023\/05\/IMG_0234-1024x768.jpg 1024w, https:\/\/clinicadentallosfresnos.com\/wp-content\/uploads\/2023\/05\/IMG_0234-300x225.jpg 300w, https:\/\/clinicadentallosfresnos.com\/wp-content\/uploads\/2023\/05\/IMG_0234-768x576.jpg 768w, https:\/\/clinicadentallosfresnos.com\/wp-content\/uploads\/2023\/05\/IMG_0234-1536x1152.jpg 1536w, https:\/\/clinicadentallosfresnos.com\/wp-content\/uploads\/2023\/05\/IMG_0234-2048x1536.jpg 2048w, https:\/\/clinicadentallosfresnos.com\/wp-content\/uploads\/2023\/05\/IMG_0234-16x12.jpg 16w\" sizes=\"(max-width: 800px) 100vw, 800px\" \/>\t\t\t\t\t\t\t\t\t\t\t\t\t\t\t<\/div>\n\t\t\t\t<\/div>\n\t\t\t\t\t<\/div>\n\t\t<\/div>\n\t\t\t\t<div class=\"elementor-column elementor-col-50 elementor-top-column elementor-element elementor-element-1526ef6\" data-id=\"1526ef6\" data-element_type=\"column\" data-e-type=\"column\">\n\t\t\t<div class=\"elementor-widget-wrap elementor-element-populated\">\n\t\t\t\t\t\t<div class=\"elementor-element elementor-element-92e971c elementor-widget elementor-widget-text-editor\" data-id=\"92e971c\" data-element_type=\"widget\" data-e-type=\"widget\" data-widget_type=\"text-editor.default\">\n\t\t\t\t<div class=\"elementor-widget-container\">\n\t\t\t\t\t\t\t\t\t<p>Nuestra amable y dedicada recepcionista te dar\u00e1 la m\u00e1s cordial bienvenida y se encargar\u00e1 de que tu visita sea lo m\u00e1s agradable posible. Estamos aqu\u00ed para atenderte y responder a todas tus preguntas.<\/p><p>En nuestra recepci\u00f3n, encontrar\u00e1s un ambiente c\u00e1lido y acogedor. Estamos comprometidos en brindarte un servicio personalizado y eficiente, asegur\u00e1ndonos de que tus necesidades sean atendidas de manera profesional y oportuna.<\/p>\t\t\t\t\t\t\t\t<\/div>\n\t\t\t\t<\/div>\n\t\t\t\t\t<\/div>\n\t\t<\/div>\n\t\t\t\t\t<\/div>\n\t\t<\/section>\n\t\t\t\t<section class=\"elementor-section elementor-top-section elementor-element elementor-element-237e124 elementor-reverse-mobile elementor-section-boxed elementor-section-height-default elementor-section-height-default\" data-id=\"237e124\" data-element_type=\"section\" data-e-type=\"section\">\n\t\t\t\t\t\t<div class=\"elementor-container elementor-column-gap-default\">\n\t\t\t\t\t<div class=\"elementor-column elementor-col-50 elementor-top-column elementor-element elementor-element-d61a896\" data-id=\"d61a896\" data-element_type=\"column\" data-e-type=\"column\">\n\t\t\t<div class=\"elementor-widget-wrap elementor-element-populated\">\n\t\t\t\t\t\t<div class=\"elementor-element elementor-element-509d615 elementor-widget elementor-widget-text-editor\" data-id=\"509d615\" data-element_type=\"widget\" data-e-type=\"widget\" data-widget_type=\"text-editor.default\">\n\t\t\t\t<div class=\"elementor-widget-container\">\n\t\t\t\t\t\t\t\t\t<p>En nuestra sala de espera, queremos que te sientas c\u00f3modo y relajado mientras esperas tu turno. Hemos creado este espacio pensando en tu bienestar y tranquilidad.<\/p><p>Disfruta de nuestro ambiente acogedor y luminoso, dise\u00f1ado para transmitir una sensaci\u00f3n de calma y serenidad.<\/p><p>Nuestro equipo est\u00e1 comprometido en brindarte una atenci\u00f3n dental de alta calidad, y mientras esperas, puedes estar seguro de que estamos preparando tu visita para que sea una experiencia excepcional.<\/p>\t\t\t\t\t\t\t\t<\/div>\n\t\t\t\t<\/div>\n\t\t\t\t\t<\/div>\n\t\t<\/div>\n\t\t\t\t<div class=\"elementor-column elementor-col-50 elementor-top-column elementor-element elementor-element-9af0aef\" data-id=\"9af0aef\" data-element_type=\"column\" data-e-type=\"column\">\n\t\t\t<div class=\"elementor-widget-wrap elementor-element-populated\">\n\t\t\t\t\t\t<div class=\"elementor-element elementor-element-25e81fa elementor-widget elementor-widget-image\" data-id=\"25e81fa\" data-element_type=\"widget\" data-e-type=\"widget\" data-widget_type=\"image.default\">\n\t\t\t\t<div class=\"elementor-widget-container\">\n\t\t\t\t\t\t\t\t\t\t\t\t\t\t\t<img decoding=\"async\" width=\"800\" height=\"600\" src=\"https:\/\/clinicadentallosfresnos.com\/wp-content\/uploads\/2023\/05\/IMG_0215-1024x768.jpg\" class=\"attachment-large size-large wp-image-316\" alt=\"\" srcset=\"https:\/\/clinicadentallosfresnos.com\/wp-content\/uploads\/2023\/05\/IMG_0215-1024x768.jpg 1024w, https:\/\/clinicadentallosfresnos.com\/wp-content\/uploads\/2023\/05\/IMG_0215-300x225.jpg 300w, https:\/\/clinicadentallosfresnos.com\/wp-content\/uploads\/2023\/05\/IMG_0215-768x576.jpg 768w, https:\/\/clinicadentallosfresnos.com\/wp-content\/uploads\/2023\/05\/IMG_0215-1536x1152.jpg 1536w, https:\/\/clinicadentallosfresnos.com\/wp-content\/uploads\/2023\/05\/IMG_0215-2048x1536.jpg 2048w, https:\/\/clinicadentallosfresnos.com\/wp-content\/uploads\/2023\/05\/IMG_0215-16x12.jpg 16w\" sizes=\"(max-width: 800px) 100vw, 800px\" \/>\t\t\t\t\t\t\t\t\t\t\t\t\t\t\t<\/div>\n\t\t\t\t<\/div>\n\t\t\t\t\t<\/div>\n\t\t<\/div>\n\t\t\t\t\t<\/div>\n\t\t<\/section>\n\t\t\t\t<section class=\"elementor-section elementor-top-section elementor-element elementor-element-1c239c5 elementor-section-boxed elementor-section-height-default elementor-section-height-default\" data-id=\"1c239c5\" data-element_type=\"section\" data-e-type=\"section\">\n\t\t\t\t\t\t<div class=\"elementor-container elementor-column-gap-default\">\n\t\t\t\t\t<div class=\"elementor-column elementor-col-50 elementor-top-column elementor-element elementor-element-f069e09\" data-id=\"f069e09\" data-element_type=\"column\" data-e-type=\"column\">\n\t\t\t<div class=\"elementor-widget-wrap elementor-element-populated\">\n\t\t\t\t\t\t<div class=\"elementor-element elementor-element-01a617d elementor-widget elementor-widget-image\" data-id=\"01a617d\" data-element_type=\"widget\" data-e-type=\"widget\" data-widget_type=\"image.default\">\n\t\t\t\t<div class=\"elementor-widget-container\">\n\t\t\t\t\t\t\t\t\t\t\t\t\t\t\t<img decoding=\"async\" width=\"800\" height=\"643\" src=\"https:\/\/clinicadentallosfresnos.com\/wp-content\/uploads\/2023\/05\/gabinete-1024x823.jpg\" class=\"attachment-large size-large wp-image-317\" alt=\"\" srcset=\"https:\/\/clinicadentallosfresnos.com\/wp-content\/uploads\/2023\/05\/gabinete-1024x823.jpg 1024w, https:\/\/clinicadentallosfresnos.com\/wp-content\/uploads\/2023\/05\/gabinete-300x241.jpg 300w, https:\/\/clinicadentallosfresnos.com\/wp-content\/uploads\/2023\/05\/gabinete-768x617.jpg 768w, https:\/\/clinicadentallosfresnos.com\/wp-content\/uploads\/2023\/05\/gabinete-1536x1234.jpg 1536w, https:\/\/clinicadentallosfresnos.com\/wp-content\/uploads\/2023\/05\/gabinete-2048x1645.jpg 2048w, https:\/\/clinicadentallosfresnos.com\/wp-content\/uploads\/2023\/05\/gabinete-15x12.jpg 15w\" sizes=\"(max-width: 800px) 100vw, 800px\" \/>\t\t\t\t\t\t\t\t\t\t\t\t\t\t\t<\/div>\n\t\t\t\t<\/div>\n\t\t\t\t\t<\/div>\n\t\t<\/div>\n\t\t\t\t<div class=\"elementor-column elementor-col-50 elementor-top-column elementor-element elementor-element-ea1c2c3\" data-id=\"ea1c2c3\" data-element_type=\"column\" data-e-type=\"column\">\n\t\t\t<div class=\"elementor-widget-wrap elementor-element-populated\">\n\t\t\t\t\t\t<div class=\"elementor-element elementor-element-1a4b77e elementor-widget elementor-widget-text-editor\" data-id=\"1a4b77e\" data-element_type=\"widget\" data-e-type=\"widget\" data-widget_type=\"text-editor.default\">\n\t\t\t\t<div class=\"elementor-widget-container\">\n\t\t\t\t\t\t\t\t\t<p>En nuestro gabinete, encontrar\u00e1s un ambiente limpio, equipado con tecnolog\u00eda dental de vanguardia para garantizar la precisi\u00f3n y eficacia de los procedimientos. Nos esforzamos por crear un entorno relajante y seguro para que te sientas tranquilo\/a y confiado\/a.<\/p><p>Nuestro equipo estar\u00e1 a tu lado para explicarte cada paso del tratamiento, responder tus preguntas y aliviar cualquier inquietud que puedas tener. Tu salud dental es nuestra prioridad, y nos dedicamos a ofrecerte la mejor atenci\u00f3n posible.<\/p><p>Conf\u00eda en nosotros para cuidar de tu sonrisa. Estamos comprometidos en brindarte resultados excepcionales y una experiencia dental positiva.<\/p>\t\t\t\t\t\t\t\t<\/div>\n\t\t\t\t<\/div>\n\t\t\t\t\t<\/div>\n\t\t<\/div>\n\t\t\t\t\t<\/div>\n\t\t<\/section>\n\t\t\t\t<section class=\"elementor-section elementor-top-section elementor-element elementor-element-ec3afdd elementor-section-boxed elementor-section-height-default elementor-section-height-default\" data-id=\"ec3afdd\" data-element_type=\"section\" data-e-type=\"section\">\n\t\t\t\t\t\t<div class=\"elementor-container elementor-column-gap-default\">\n\t\t\t\t\t<div class=\"elementor-column elementor-col-100 elementor-top-column elementor-element elementor-element-1b1376d\" data-id=\"1b1376d\" data-element_type=\"column\" data-e-type=\"column\">\n\t\t\t<div class=\"elementor-widget-wrap elementor-element-populated\">\n\t\t\t\t\t\t<div class=\"elementor-element elementor-element-a57c2ae elementor-widget elementor-widget-text-editor\" data-id=\"a57c2ae\" data-element_type=\"widget\" data-e-type=\"widget\" data-widget_type=\"text-editor.default\">\n\t\t\t\t<div class=\"elementor-widget-container\">\n\t\t\t\t\t\t\t\t\t<div class=\"group w-full text-gray-800 dark:text-gray-100 border-b border-black\/10 dark:border-gray-900\/50 bg-gray-50 dark:bg-[#444654]\"><div class=\"flex p-4 gap-4 text-base md:gap-6 md:max-w-2xl lg:max-w-xl xl:max-w-3xl md:py-6 lg:px-0 m-auto\"><div class=\"relative flex w-[calc(100%-50px)] flex-col gap-1 md:gap-3 lg:w-[calc(100%-115px)]\"><div class=\"flex flex-grow flex-col gap-3\"><div class=\"min-h-[20px] flex flex-col items-start gap-4 whitespace-pre-wrap break-words\"><div class=\"markdown prose w-full break-words dark:prose-invert light\"><p>Gracias por confiar en nosotros y por elegir nuestra cl\u00ednica dental. Esperamos verte pronto y ser parte de tu sonrisa saludable.<\/p><\/div><\/div><\/div><\/div><\/div><\/div><div class=\"group w-full text-gray-800 dark:text-gray-100 border-b border-black\/10 dark:border-gray-900\/50 dark:bg-gray-800\"><div class=\"flex p-4 gap-4 text-base md:gap-6 md:max-w-2xl lg:max-w-xl xl:max-w-3xl md:py-6 lg:px-0 m-auto\"><div class=\"flex-shrink-0 flex flex-col relative items-end\"><div class=\"w-[30px]\"><div class=\"relative flex\">\u00a0<\/div><\/div><\/div><\/div><\/div>\t\t\t\t\t\t\t\t<\/div>\n\t\t\t\t<\/div>\n\t\t\t\t\t<\/div>\n\t\t<\/div>\n\t\t\t\t\t<\/div>\n\t\t<\/section>\n\t\t\t\t<\/div>\n\t\t","protected":false},"excerpt":{"rendered":"<p>Descubre nuestras instalaciones Nuestra amable y dedicada recepcionista te dar\u00e1 la m\u00e1s cordial bienvenida y se encargar\u00e1 de que tu visita sea lo m\u00e1s agradable posible. Estamos aqu\u00ed para atenderte y responder a todas tus preguntas. En nuestra recepci\u00f3n, encontrar\u00e1s un ambiente c\u00e1lido y acogedor. Estamos comprometidos en brindarte un servicio personalizado y eficiente, asegur\u00e1ndonos [&hellip;]<\/p>\n","protected":false},"author":2,"featured_media":0,"parent":0,"menu_order":0,"comment_status":"closed","ping_status":"closed","template":"page-templates\/template-pagebuilder-full-width.php","meta":{"footnotes":""},"class_list":["post-312","page","type-page","status-publish","hentry"],"yoast_head":"<!-- This site is optimized with the Yoast SEO plugin v23.1 - https:\/\/yoast.com\/wordpress\/plugins\/seo\/ -->\n<title>Instalaciones - Clinica Dental Los Fresnos<\/title>\n<meta name=\"description\" content=\"Cl\u00ednica dental en Gij\u00f3n, tu sonrisa merece lo mejor. En nuestra cl\u00ednica, ofrecemos tratamientos odontol\u00f3gicos de vanguardia y cuidado personalizado para mantener tus dientes sanos y tu sonrisa radiante. \u00a1Vis\u00edtanos hoy y descubre la diferencia en la atenci\u00f3n dental de calidad que mereces!\" \/>\n<meta name=\"robots\" content=\"index, follow, max-snippet:-1, max-image-preview:large, max-video-preview:-1\" \/>\n<link rel=\"canonical\" href=\"https:\/\/clinicadentallosfresnos.com\/en\/instalaciones\/\" \/>\n<meta property=\"og:locale\" content=\"en_US\" \/>\n<meta property=\"og:type\" content=\"article\" \/>\n<meta property=\"og:title\" content=\"Instalaciones - Clinica Dental Los Fresnos\" \/>\n<meta property=\"og:description\" content=\"Cl\u00ednica dental en Gij\u00f3n, tu sonrisa merece lo mejor. En nuestra cl\u00ednica, ofrecemos tratamientos odontol\u00f3gicos de vanguardia y cuidado personalizado para mantener tus dientes sanos y tu sonrisa radiante. \u00a1Vis\u00edtanos hoy y descubre la diferencia en la atenci\u00f3n dental de calidad que mereces!\" \/>\n<meta property=\"og:url\" content=\"https:\/\/clinicadentallosfresnos.com\/en\/instalaciones\/\" \/>\n<meta property=\"og:site_name\" content=\"Clinica Dental Los Fresnos\" \/>\n<meta property=\"article:modified_time\" content=\"2023-05-24T08:55:56+00:00\" \/>\n<meta property=\"og:image\" content=\"https:\/\/clinicadentallosfresnos.com\/wp-content\/uploads\/2023\/05\/IMG_0234-1024x768.jpg\" \/>\n<meta name=\"twitter:card\" content=\"summary_large_image\" \/>\n<meta name=\"twitter:label1\" content=\"Est. reading time\" \/>\n\t<meta name=\"twitter:data1\" content=\"1 minute\" \/>\n<script type=\"application\/ld+json\" class=\"yoast-schema-graph\">{\"@context\":\"https:\/\/schema.org\",\"@graph\":[{\"@type\":\"WebPage\",\"@id\":\"https:\/\/clinicadentallosfresnos.com\/instalaciones\/\",\"url\":\"https:\/\/clinicadentallosfresnos.com\/instalaciones\/\",\"name\":\"Instalaciones - Clinica Dental Los Fresnos\",\"isPartOf\":{\"@id\":\"https:\/\/clinicadentallosfresnos.com\/#website\"},\"primaryImageOfPage\":{\"@id\":\"https:\/\/clinicadentallosfresnos.com\/instalaciones\/#primaryimage\"},\"image\":{\"@id\":\"https:\/\/clinicadentallosfresnos.com\/instalaciones\/#primaryimage\"},\"thumbnailUrl\":\"https:\/\/clinicadentallosfresnos.com\/wp-content\/uploads\/2023\/05\/IMG_0234-1024x768.jpg\",\"datePublished\":\"2023-05-24T08:39:23+00:00\",\"dateModified\":\"2023-05-24T08:55:56+00:00\",\"description\":\"Cl\u00ednica dental en Gij\u00f3n, tu sonrisa merece lo mejor. En nuestra cl\u00ednica, ofrecemos tratamientos odontol\u00f3gicos de vanguardia y cuidado personalizado para mantener tus dientes sanos y tu sonrisa radiante. \u00a1Vis\u00edtanos hoy y descubre la diferencia en la atenci\u00f3n dental de calidad que mereces!\",\"breadcrumb\":{\"@id\":\"https:\/\/clinicadentallosfresnos.com\/instalaciones\/#breadcrumb\"},\"inLanguage\":\"en-US\",\"potentialAction\":[{\"@type\":\"ReadAction\",\"target\":[\"https:\/\/clinicadentallosfresnos.com\/instalaciones\/\"]}]},{\"@type\":\"ImageObject\",\"inLanguage\":\"en-US\",\"@id\":\"https:\/\/clinicadentallosfresnos.com\/instalaciones\/#primaryimage\",\"url\":\"https:\/\/clinicadentallosfresnos.com\/wp-content\/uploads\/2023\/05\/IMG_0234-1024x768.jpg\",\"contentUrl\":\"https:\/\/clinicadentallosfresnos.com\/wp-content\/uploads\/2023\/05\/IMG_0234-1024x768.jpg\"},{\"@type\":\"BreadcrumbList\",\"@id\":\"https:\/\/clinicadentallosfresnos.com\/instalaciones\/#breadcrumb\",\"itemListElement\":[{\"@type\":\"ListItem\",\"position\":1,\"name\":\"Portada\",\"item\":\"https:\/\/clinicadentallosfresnos.com\/\"},{\"@type\":\"ListItem\",\"position\":2,\"name\":\"Instalaciones\"}]},{\"@type\":\"WebSite\",\"@id\":\"https:\/\/clinicadentallosfresnos.com\/#website\",\"url\":\"https:\/\/clinicadentallosfresnos.com\/\",\"name\":\"Clinica Dental Los Fresnos\",\"description\":\"Sonr\u00ede sin l\u00edmites\",\"potentialAction\":[{\"@type\":\"SearchAction\",\"target\":{\"@type\":\"EntryPoint\",\"urlTemplate\":\"https:\/\/clinicadentallosfresnos.com\/?s={search_term_string}\"},\"query-input\":\"required name=search_term_string\"}],\"inLanguage\":\"en-US\"}]}<\/script>\n<!-- \/ Yoast SEO plugin. -->","yoast_head_json":{"title":"Instalaciones - Clinica Dental Los Fresnos","description":"Cl\u00ednica dental en Gij\u00f3n, tu sonrisa merece lo mejor. En nuestra cl\u00ednica, ofrecemos tratamientos odontol\u00f3gicos de vanguardia y cuidado personalizado para mantener tus dientes sanos y tu sonrisa radiante. \u00a1Vis\u00edtanos hoy y descubre la diferencia en la atenci\u00f3n dental de calidad que mereces!","robots":{"index":"index","follow":"follow","max-snippet":"max-snippet:-1","max-image-preview":"max-image-preview:large","max-video-preview":"max-video-preview:-1"},"canonical":"https:\/\/clinicadentallosfresnos.com\/en\/instalaciones\/","og_locale":"en_US","og_type":"article","og_title":"Instalaciones - Clinica Dental Los Fresnos","og_description":"Cl\u00ednica dental en Gij\u00f3n, tu sonrisa merece lo mejor. En nuestra cl\u00ednica, ofrecemos tratamientos odontol\u00f3gicos de vanguardia y cuidado personalizado para mantener tus dientes sanos y tu sonrisa radiante. \u00a1Vis\u00edtanos hoy y descubre la diferencia en la atenci\u00f3n dental de calidad que mereces!","og_url":"https:\/\/clinicadentallosfresnos.com\/en\/instalaciones\/","og_site_name":"Clinica Dental Los Fresnos","article_modified_time":"2023-05-24T08:55:56+00:00","og_image":[{"url":"https:\/\/clinicadentallosfresnos.com\/wp-content\/uploads\/2023\/05\/IMG_0234-1024x768.jpg"}],"twitter_card":"summary_large_image","twitter_misc":{"Est. reading time":"1 minute"},"schema":{"@context":"https:\/\/schema.org","@graph":[{"@type":"WebPage","@id":"https:\/\/clinicadentallosfresnos.com\/instalaciones\/","url":"https:\/\/clinicadentallosfresnos.com\/instalaciones\/","name":"Instalaciones - Clinica Dental Los Fresnos","isPartOf":{"@id":"https:\/\/clinicadentallosfresnos.com\/#website"},"primaryImageOfPage":{"@id":"https:\/\/clinicadentallosfresnos.com\/instalaciones\/#primaryimage"},"image":{"@id":"https:\/\/clinicadentallosfresnos.com\/instalaciones\/#primaryimage"},"thumbnailUrl":"https:\/\/clinicadentallosfresnos.com\/wp-content\/uploads\/2023\/05\/IMG_0234-1024x768.jpg","datePublished":"2023-05-24T08:39:23+00:00","dateModified":"2023-05-24T08:55:56+00:00","description":"Cl\u00ednica dental en Gij\u00f3n, tu sonrisa merece lo mejor. En nuestra cl\u00ednica, ofrecemos tratamientos odontol\u00f3gicos de vanguardia y cuidado personalizado para mantener tus dientes sanos y tu sonrisa radiante. \u00a1Vis\u00edtanos hoy y descubre la diferencia en la atenci\u00f3n dental de calidad que mereces!","breadcrumb":{"@id":"https:\/\/clinicadentallosfresnos.com\/instalaciones\/#breadcrumb"},"inLanguage":"en-US","potentialAction":[{"@type":"ReadAction","target":["https:\/\/clinicadentallosfresnos.com\/instalaciones\/"]}]},{"@type":"ImageObject","inLanguage":"en-US","@id":"https:\/\/clinicadentallosfresnos.com\/instalaciones\/#primaryimage","url":"https:\/\/clinicadentallosfresnos.com\/wp-content\/uploads\/2023\/05\/IMG_0234-1024x768.jpg","contentUrl":"https:\/\/clinicadentallosfresnos.com\/wp-content\/uploads\/2023\/05\/IMG_0234-1024x768.jpg"},{"@type":"BreadcrumbList","@id":"https:\/\/clinicadentallosfresnos.com\/instalaciones\/#breadcrumb","itemListElement":[{"@type":"ListItem","position":1,"name":"Portada","item":"https:\/\/clinicadentallosfresnos.com\/"},{"@type":"ListItem","position":2,"name":"Instalaciones"}]},{"@type":"WebSite","@id":"https:\/\/clinicadentallosfresnos.com\/#website","url":"https:\/\/clinicadentallosfresnos.com\/","name":"Dental Clinic Los Fresnos","description":"Sonr\u00ede sin l\u00edmites","potentialAction":[{"@type":"SearchAction","target":{"@type":"EntryPoint","urlTemplate":"https:\/\/clinicadentallosfresnos.com\/?s={search_term_string}"},"query-input":"required name=search_term_string"}],"inLanguage":"en-US"}]}},"_links":{"self":[{"href":"https:\/\/clinicadentallosfresnos.com\/en\/wp-json\/wp\/v2\/pages\/312","targetHints":{"allow":["GET"]}}],"collection":[{"href":"https:\/\/clinicadentallosfresnos.com\/en\/wp-json\/wp\/v2\/pages"}],"about":[{"href":"https:\/\/clinicadentallosfresnos.com\/en\/wp-json\/wp\/v2\/types\/page"}],"author":[{"embeddable":true,"href":"https:\/\/clinicadentallosfresnos.com\/en\/wp-json\/wp\/v2\/users\/2"}],"replies":[{"embeddable":true,"href":"https:\/\/clinicadentallosfresnos.com\/en\/wp-json\/wp\/v2\/comments?post=312"}],"version-history":[{"count":7,"href":"https:\/\/clinicadentallosfresnos.com\/en\/wp-json\/wp\/v2\/pages\/312\/revisions"}],"predecessor-version":[{"id":323,"href":"https:\/\/clinicadentallosfresnos.com\/en\/wp-json\/wp\/v2\/pages\/312\/revisions\/323"}],"wp:attachment":[{"href":"https:\/\/clinicadentallosfresnos.com\/en\/wp-json\/wp\/v2\/media?parent=312"}],"curies":[{"name":"wp","href":"https:\/\/api.w.org\/{rel}","templated":true}]}}